{"id":30,"date":"2020-04-27T21:28:42","date_gmt":"2020-04-27T21:28:42","guid":{"rendered":"https:\/\/ryancv-demo.bslthemes.com\/?page_id=29"},"modified":"2024-09-09T10:27:59","modified_gmt":"2024-09-09T09:27:59","slug":"home-e","status":"publish","type":"page","link":"https:\/\/elvisadjahoungba.com\/fr\/","title":{"rendered":"Home (Elementor)"},"content":{"rendered":"<div data-elementor-type=\"wp-page\" data-elementor-id=\"30\" class=\"elementor elementor-30\" data-elementor-settings=\"[]\">\n\t\t\t\t\t\t<div class=\"elementor-inner\">\n\t\t\t\t\t\t\t<div class=\"elementor-section-wrap\">\n\t\t\t\t\t\t\t<section class=\"elementor-section elementor-top-section elementor-element elementor-element-1368f2f elementor-section-full_width elementor-section-height-default elementor-section-height-default\" data-id=\"1368f2f\" data-element_type=\"section\">\n\t\t\t\t\t\t<div class=\"elementor-container elementor-column-gap-no\">\n\t\t\t\t\t\t\t<div class=\"elementor-row\">\n\t\t\t\t\t<div class=\"elementor-column elementor-col-100 elementor-top-column elementor-element elementor-element-8d69b8b\" data-id=\"8d69b8b\" data-element_type=\"column\">\n\t\t\t<div class=\"elementor-column-wrap elementor-element-populated\">\n\t\t\t\t\t\t\t<div class=\"elementor-widget-wrap\">\n\t\t\t\t\t\t<div class=\"elementor-element elementor-element-b939dc4 elementor-widget elementor-widget-ryancv-about-me\" data-id=\"b939dc4\" data-element_type=\"widget\" data-widget_type=\"ryancv-about-me.default\">\n\t\t\t\t<div class=\"elementor-widget-container\">\n\t\t\t\n\t\t<!-- About -->\n\t\t<div class=\"content about\">\n\n\t\t\t\t\t\t<!-- title -->\n\t\t\t<div class=\"title\">\n\t\t\t\t<span >\u00c0 propos de moi<\/span>\n\t\t\t<\/div>\n\t\t\t\n\t\t\t<!-- content -->\n\t\t\t<div class=\"row\">\n\t\t\t\t\n\t\t\t\t\t\t\t\t<div class=\"col col-d-6 col-t-12 col-m-12 border-line-v\">\n\t\t\t\t\t<div class=\"text-box\">\n\t\t\t\t\t\t<div ><p><strong>Bonjour! Je suis Elvis Adjahoungba.<\/strong><\/p>\n<p>Un sp\u00e9cialiste de la communication qui milite pour l'inclusion et la participation active des jeunes au d\u00e9veloppement durable d'ici 2030 et \u00e0 la construction de l'Afrique d'ici 2063.<\/p>\n<p>Je choisis de relever le d\u00e9fi d'aider les particuliers, les entreprises et les organisations \u00e0&nbsp;:<br>- am\u00e9liorer la performance de leurs actions et activit\u00e9s et,<br>- apporter les changements n\u00e9cessaires pour r\u00e9ussir et impacter leurs communaut\u00e9s.<\/p><\/div>\n\t\t\t\t\t<\/div>\n\t\t\t\t<\/div>\n\t\t\t\t\n\t\t\t\t\t\t\t\t<div class=\"col col-d-6 col-t-12 col-m-12 border-line-v\">\n\t\t\t\t\t<div class=\"info-list\">\n\t\t\t\t\t\t<ul>\n\t\t\t\t\t\t\t\t\t\t\t\t\t\t<li>\n\t\t\t\t\t\t\t\t<strong>\n\t\t\t\t\t\t\t\t\t<span >\n\t\t\t\t\t\t\t\t\t\tSecteurs\u00a0: \t\t\t\t\t\t\t\t\t<\/span>\n\t\t\t\t\t\t\t\t<\/strong>\n\t\t\t\t\t\t\t\t<span >\n\t\t\t\t\t\t\t\t\tGestion de projets humanitaires <br> D\u00e9veloppement des affaires et partenariats<br>\nAnalyse de l&#39;information et recherche <br>\nCommunication pour le d\u00e9veloppement <br>\nDiplomatie non gouvernementale <br>\nD\u00e9veloppement de programmes de formation <br>\nConstruction de mouvement et activisme <br>\nGestion d&#39;\u00e9v\u00e9nements et engagement num\u00e9rique <br>\t\t\t\t\t\t\t\t<\/span>\n\t\t\t\t\t\t\t<\/li>\n\t\t\t\t\t\t\t\t\t\t\t\t\t\t<li>\n\t\t\t\t\t\t\t\t<strong>\n\t\t\t\t\t\t\t\t\t<span >\n\t\t\t\t\t\t\t\t\t\tExp\u00e9riences:\t\t\t\t\t\t\t\t\t<\/span>\n\t\t\t\t\t\t\t\t<\/strong>\n\t\t\t\t\t\t\t\t<span >\n\t\t\t\t\t\t\t\t\t11+\t\t\t\t\t\t\t\t<\/span>\n\t\t\t\t\t\t\t<\/li>\n\t\t\t\t\t\t\t\t\t\t\t\t\t\t<li>\n\t\t\t\t\t\t\t\t<strong>\n\t\t\t\t\t\t\t\t\t<span >\n\t\t\t\t\t\t\t\t\t\tR\u00e9gions:\t\t\t\t\t\t\t\t\t<\/span>\n\t\t\t\t\t\t\t\t<\/strong>\n\t\t\t\t\t\t\t\t<span >\n\t\t\t\t\t\t\t\t\tAfrique de l&#39;Ouest <br>\nAfrique du Nord  <br>\nAm\u00e9riques<br><br>Europe\t\t\t\t\t\t\t\t<\/span>\n\t\t\t\t\t\t\t<\/li>\n\t\t\t\t\t\t\t\t\t\t\t\t\t\t<li>\n\t\t\t\t\t\t\t\t<strong>\n\t\t\t\t\t\t\t\t\t<span >\n\t\t\t\t\t\t\t\t\t\tDisponibilit\u00e9\u00a0:\t\t\t\t\t\t\t\t\t<\/span>\n\t\t\t\t\t\t\t\t<\/strong>\n\t\t\t\t\t\t\t\t<span >\n\t\t\t\t\t\t\t\t\tContrats\t\t\t\t\t\t\t\t<\/span>\n\t\t\t\t\t\t\t<\/li>\n\t\t\t\t\t\t\t\t\t\t\t\t\t<\/ul>\n\t\t\t\t\t<\/div>\n\t\t\t\t<\/div>\n\t\t\t\t\t\t\t\t\n\t\t\t\t<div class=\"clear\"><\/div>\n\t\t\t<\/div>\n\n\t\t<\/div>\n\n\t\t\t\t<\/div>\n\t\t\t\t<\/div>\n\t\t\t\t\t\t<\/div>\n\t\t\t\t\t<\/div>\n\t\t<\/div>\n\t\t\t\t\t\t\t\t<\/div>\n\t\t\t\t\t<\/div>\n\t\t<\/section>\n\t\t\t\t<section class=\"elementor-section elementor-top-section elementor-element elementor-element-ac2a78f elementor-section-full_width elementor-section-height-default elementor-section-height-default\" data-id=\"ac2a78f\" data-element_type=\"section\">\n\t\t\t\t\t\t<div class=\"elementor-container elementor-column-gap-no\">\n\t\t\t\t\t\t\t<div class=\"elementor-row\">\n\t\t\t\t\t<div class=\"elementor-column elementor-col-100 elementor-top-column elementor-element elementor-element-15d3f26\" data-id=\"15d3f26\" data-element_type=\"column\">\n\t\t\t<div class=\"elementor-column-wrap elementor-element-populated\">\n\t\t\t\t\t\t\t<div class=\"elementor-widget-wrap\">\n\t\t\t\t\t\t<div class=\"elementor-element elementor-element-7412363 elementor-widget elementor-widget-ryancv-services\" data-id=\"7412363\" data-element_type=\"widget\" data-widget_type=\"ryancv-services.default\">\n\t\t\t\t<div class=\"elementor-widget-container\">\n\t\t\t\t\t\t\n\t\t<!-- Services -->\n\t\t<div class=\"content services\">\n\n\t\t\t\t\t\t<!-- title -->\n\t\t\t<div class=\"title\">\n\t\t\t\t<span >Mes Services<\/span>\n\t\t\t<\/div>\n\t\t\t\n\t\t\t\t\t\t<!-- content -->\n\t\t\t<div class=\"row service-items border-line-v\">\n\n\t\t\t\t\t\t\t\t<!-- service item -->\n\t\t\t\t<div class=\"col col-d-6 col-t-6 col-m-12 border-line-h\">\n\t\t\t\t\t<div class=\"service-item\">\n\t\t\t\t\t\t\t\t\t\t\t\t\t<div class=\"icon\">\n\t\t\t\t\t\t\t\t<span class=\"fa fa-bank\"><\/span>\n\t\t\t\t\t\t\t<\/div>\n\t\t\t\t\t\t\t\t\t\t\t\t\t\t\t\t\t\t\t<div class=\"name\">\n\t\t\t\t\t\t\t\t<span >\n\t\t\t\t\t\t\t\t\tPour les Organisations\t\t\t\t\t\t\t\t<\/span>\n\t\t\t\t\t\t\t<\/div>\n\t\t\t\t\t\t\t\t\t\t\t\t\t\t\t\t\t\t\t<div class=\"desc\">\n\t\t\t\t\t\t\t\t<div >\n\t\t\t\t\t\t\t\t\t<p>Fournir des services de r\u00e9daction et de mise en \u0153uvre de projets humanitaires et de campagnes de plaidoyer en Afrique de l&#39;Ouest et en Afrique francophone<\/p>\t\t\t\t\t\t\t\t<\/div>\n\t\t\t\t\t\t\t<\/div>\n\t\t\t\t\t\t\t\t\t\t\t<\/div>\n\t\t\t\t<\/div>\n\t\t\t\t\t\t\t\t<!-- service item -->\n\t\t\t\t<div class=\"col col-d-6 col-t-6 col-m-12 border-line-h\">\n\t\t\t\t\t<div class=\"service-item\">\n\t\t\t\t\t\t\t\t\t\t\t\t\t<div class=\"icon\">\n\t\t\t\t\t\t\t\t<span class=\"fa fa-area-chart\"><\/span>\n\t\t\t\t\t\t\t<\/div>\n\t\t\t\t\t\t\t\t\t\t\t\t\t\t\t\t\t\t\t<div class=\"name\">\n\t\t\t\t\t\t\t\t<span >\n\t\t\t\t\t\t\t\t\tPour les Entreprises\t\t\t\t\t\t\t\t<\/span>\n\t\t\t\t\t\t\t<\/div>\n\t\t\t\t\t\t\t\t\t\t\t\t\t\t\t\t\t\t\t<div class=\"desc\">\n\t\t\t\t\t\t\t\t<div >\n\t\t\t\t\t\t\t\t\t<p>Fournir des conseils juridiques, la r\u00e9daction de contrats, de plan d&#39;affaires ou d&#39;investissement et la mise en place de partenariats commerciaux en Afrique de l&#39;Ouest et en Afrique francophone<\/p>\t\t\t\t\t\t\t\t<\/div>\n\t\t\t\t\t\t\t<\/div>\n\t\t\t\t\t\t\t\t\t\t\t<\/div>\n\t\t\t\t<\/div>\n\t\t\t\t\t\t\t\t<!-- service item -->\n\t\t\t\t<div class=\"col col-d-6 col-t-6 col-m-12 border-line-h\">\n\t\t\t\t\t<div class=\"service-item\">\n\t\t\t\t\t\t\t\t\t\t\t\t\t<div class=\"icon\">\n\t\t\t\t\t\t\t\t<span class=\"fa fa-gavel\"><\/span>\n\t\t\t\t\t\t\t<\/div>\n\t\t\t\t\t\t\t\t\t\t\t\t\t\t\t\t\t\t\t<div class=\"name\">\n\t\t\t\t\t\t\t\t<span >\n\t\t\t\t\t\t\t\t\tPour les Particuliers\t\t\t\t\t\t\t\t<\/span>\n\t\t\t\t\t\t\t<\/div>\n\t\t\t\t\t\t\t\t\t\t\t\t\t\t\t\t\t\t\t<div class=\"desc\">\n\t\t\t\t\t\t\t\t<div >\n\t\t\t\t\t\t\t\t\t<p>Fournir des services de relations publiques, d&#39;image publique et de gestion de l&#39;opinion publique sur les plateformes et les m\u00e9dias num\u00e9riques pour la croissance professionnelle et le d\u00e9veloppement de carri\u00e8re<\/p>\t\t\t\t\t\t\t\t<\/div>\n\t\t\t\t\t\t\t<\/div>\n\t\t\t\t\t\t\t\t\t\t\t<\/div>\n\t\t\t\t<\/div>\n\t\t\t\t\t\t\t\t<!-- service item -->\n\t\t\t\t<div class=\"col col-d-6 col-t-6 col-m-12 border-line-h\">\n\t\t\t\t\t<div class=\"service-item\">\n\t\t\t\t\t\t\t\t\t\t\t\t\t<div class=\"icon\">\n\t\t\t\t\t\t\t\t<span class=\"fa fa-group\"><\/span>\n\t\t\t\t\t\t\t<\/div>\n\t\t\t\t\t\t\t\t\t\t\t\t\t\t\t\t\t\t\t<div class=\"name\">\n\t\t\t\t\t\t\t\t<span >\n\t\t\t\t\t\t\t\t\tPour les Jeunes\t\t\t\t\t\t\t\t<\/span>\n\t\t\t\t\t\t\t<\/div>\n\t\t\t\t\t\t\t\t\t\t\t\t\t\t\t\t\t\t\t<div class=\"desc\">\n\t\t\t\t\t\t\t\t<div >\n\t\t\t\t\t\t\t\t\t<p>Fournir des services de r\u00e9daction de CV et de lettres de motivation pour des emplois humanitaires, des emplois de recherche et la participation \u00e0 des opportunit\u00e9s internationales (bourses et conf\u00e9rences)<\/p>\t\t\t\t\t\t\t\t<\/div>\n\t\t\t\t\t\t\t<\/div>\n\t\t\t\t\t\t\t\t\t\t\t<\/div>\n\t\t\t\t<\/div>\n\t\t\t\t\t\t\t<\/div>\n\t\t\t\n\t\t\t<div class=\"clear\"><\/div>\n\n\t\t\t\n\t\t<\/div>\n\t\t\n\t\t\t\t<\/div>\n\t\t\t\t<\/div>\n\t\t\t\t\t\t<\/div>\n\t\t\t\t\t<\/div>\n\t\t<\/div>\n\t\t\t\t\t\t\t\t<\/div>\n\t\t\t\t\t<\/div>\n\t\t<\/section>\n\t\t\t\t<section class=\"elementor-section elementor-top-section elementor-element elementor-element-c6239ff elementor-section-full_width elementor-section-height-default elementor-section-height-default\" data-id=\"c6239ff\" data-element_type=\"section\">\n\t\t\t\t\t\t<div class=\"elementor-container elementor-column-gap-no\">\n\t\t\t\t\t\t\t<div class=\"elementor-row\">\n\t\t\t\t\t<div class=\"elementor-column elementor-col-100 elementor-top-column elementor-element elementor-element-73fe5b3\" data-id=\"73fe5b3\" data-element_type=\"column\">\n\t\t\t<div class=\"elementor-column-wrap elementor-element-populated\">\n\t\t\t\t\t\t\t<div class=\"elementor-widget-wrap\">\n\t\t\t\t\t\t<div class=\"elementor-element elementor-element-ff09fc9 elementor-widget elementor-widget-ryancv-custom-text\" data-id=\"ff09fc9\" data-element_type=\"widget\" data-widget_type=\"ryancv-custom-text.default\">\n\t\t\t\t<div class=\"elementor-widget-container\">\n\t\t\t\n\t\t<!-- Custom Text -->\n\t\t<div class=\"content custom-text\">\n\n\t\t\t\t\t\t<!-- title -->\n\t\t\t<div class=\"title\">\n\t\t\t\t<span >R\u00e9sum\u00e9 Professionnel<\/span>\n\t\t\t<\/div>\n\t\t\t\n\t\t\t\t\t\t<!-- content -->\n\t\t\t<div class=\"row border-line-v\">\n\t\t\t\t<div class=\"col col-m-12 col-t-12 col-d-12\">\n\t\t\t\t\t<div class=\"post-box single-post-text\">\n\t\t\t\t\t\t<div class=\"blog-content\">\n\t\t\t\t\t\t\t<div ><p><span style=\"color: #ff9900\">\u2022<strong> Juriste et Chercheur<\/strong><\/span> avec plus de 10 ans d&#39;exp\u00e9rience dans les droits de l&#39;homme et le droit international pour les organisations non gouvernementales internationales et nationales en Afrique de l&#39;Ouest et sp\u00e9cialis\u00e9 dans les droits des enfants, le mariage forc\u00e9, les droits reproductifs, la justice pour mineurs, l&#39;emploi des jeunes, la gouvernance, la responsabilit\u00e9 et le d\u00e9veloppement durable.<br \/><span style=\"color: #ff9900\">\u2022 <strong>Sp\u00e9cialiste en Communication et Plaidoyer<\/strong><\/span> avec un focus sur la Charte Africaine de la Jeunesse, les Objectifs de D\u00e9veloppement Durable des Nations Unies, l'Agenda 2063 de l'Union Africaine et sur la documentation des meilleures pratiques dans le domaine de la participation citoyenne, de l'inclusion et du leadership des jeunes.<br \/><span style=\"color: #ff9900\">\u2022 <strong>Coordonnateur de projets<\/strong><\/span>, exp\u00e9riment\u00e9 en suivi et \u00e9valuation, faisant preuve d'une forte aptitude \u00e0 la pens\u00e9e critique, \u00e0 la prise de d\u00e9cision analytique, \u00e0 la r\u00e9daction professionnelle, \u00e0 la r\u00e9solution de probl\u00e8mes et \u00e0 la gestion du temps, avec des comp\u00e9tences av\u00e9r\u00e9es en organisation d\u2019\u00e9v\u00e9nements professionnels.<\/p><p><a href=\"https:\/\/elvisadjahoungba.com\/wp-content\/uploads\/2021\/07\/Elvis-Adjahoungba-profile-2.jpg\"><img loading=\"lazy\" class=\"alignnone size-full wp-image-7501\" src=\"https:\/\/elvisadjahoungba.com\/wp-content\/uploads\/2021\/07\/Elvis-Adjahoungba-profile-2.jpg\" alt=\"\" width=\"960\" height=\"800\" srcset=\"https:\/\/elvisadjahoungba.com\/wp-content\/uploads\/2021\/07\/Elvis-Adjahoungba-profile-2.jpg 960w, https:\/\/elvisadjahoungba.com\/wp-content\/uploads\/2021\/07\/Elvis-Adjahoungba-profile-2-300x250.jpg 300w, https:\/\/elvisadjahoungba.com\/wp-content\/uploads\/2021\/07\/Elvis-Adjahoungba-profile-2-768x640.jpg 768w, https:\/\/elvisadjahoungba.com\/wp-content\/uploads\/2021\/07\/Elvis-Adjahoungba-profile-2-14x12.jpg 14w, https:\/\/elvisadjahoungba.com\/wp-content\/uploads\/2021\/07\/Elvis-Adjahoungba-profile-2-600x500.jpg 600w\" sizes=\"(max-width: 960px) 100vw, 960px\" \/><\/a><\/p><\/div>\n\t\t\t\t\t\t<\/div>\n\t\t\t\t\t<\/div>\n\t\t\t\t<\/div>\n\t\t\t<\/div>\n\t\t\t\t\t<\/div>\n\n\t\t\t\t<\/div>\n\t\t\t\t<\/div>\n\t\t\t\t\t\t<\/div>\n\t\t\t\t\t<\/div>\n\t\t<\/div>\n\t\t\t\t\t\t\t\t<\/div>\n\t\t\t\t\t<\/div>\n\t\t<\/section>\n\t\t\t\t<section class=\"elementor-section elementor-top-section elementor-element elementor-element-0452329 elementor-section-full_width elementor-section-height-default elementor-section-height-default\" data-id=\"0452329\" data-element_type=\"section\">\n\t\t\t\t\t\t<div class=\"elementor-container elementor-column-gap-no\">\n\t\t\t\t\t\t\t<div class=\"elementor-row\">\n\t\t\t\t\t<div class=\"elementor-column elementor-col-100 elementor-top-column elementor-element elementor-element-07fff22\" data-id=\"07fff22\" data-element_type=\"column\">\n\t\t\t<div class=\"elementor-column-wrap elementor-element-populated\">\n\t\t\t\t\t\t\t<div class=\"elementor-widget-wrap\">\n\t\t\t\t\t\t<div class=\"elementor-element elementor-element-24493e4 elementor-widget elementor-widget-ryancv-clients\" data-id=\"24493e4\" data-element_type=\"widget\" data-widget_type=\"ryancv-clients.default\">\n\t\t\t\t<div class=\"elementor-widget-container\">\n\t\t\t\n\t\t<!-- Clients -->\n\t\t<div class=\"content clients\">\n\n\t\t\t\t\t\t<!-- title -->\n\t\t\t<div class=\"title\">\n\t\t\t\t<span >R\u00e9seaux Professionnels Actifs<\/span>\n\t\t\t<\/div>\n\t\t\t\n\t\t\t\t\t\t<!-- content -->\n\t\t\t<div class=\"row client-items\">\n\n\t\t\t\t\t\t\t\t\t\t\t\t<!-- client item -->\n\t\t\t\t<div class=\"col col-d-3 col-t-3 col-m-6 border-line-v\">\n\t\t\t\t\t<div class=\"client-item\">\n\t\t\t\t\t\t<div class=\"image\">\n\t\t\t\t\t\t\t\t\t\t\t\t\t\t<a  target=\"_blank\" href=\"https:\/\/www.casec-acsac.org\/\">\n\t\t\t\t\t\t\t\t\t\t\t\t\t\t\t<img src=\"https:\/\/elvisadjahoungba.com\/wp-content\/uploads\/2021\/05\/Elvis-Active-network-2-92x92.png\" alt=\"Centre Africain de Solidarit\u00e9 et d&#039;Entraide entre les Communaut\u00e9s\" \/>\n\t\t\t\t\t\t\t\t\t\t\t\t\t\t<\/a>\n\t\t\t\t\t\t\t\t\t\t\t\t\t<\/div>\n\t\t\t\t\t<\/div>\n\t\t\t\t<\/div>\n\t\t\t\t\t\t\t\t\t\t\t\t\t\t\t\t<!-- client item -->\n\t\t\t\t<div class=\"col col-d-3 col-t-3 col-m-6 border-line-v\">\n\t\t\t\t\t<div class=\"client-item\">\n\t\t\t\t\t\t<div class=\"image\">\n\t\t\t\t\t\t\t\t\t\t\t\t\t\t<a  target=\"_blank\" href=\"https:\/\/yar.bangkok.unesco.org\/research-teams\/\">\n\t\t\t\t\t\t\t\t\t\t\t\t\t\t\t<img src=\"https:\/\/elvisadjahoungba.com\/wp-content\/uploads\/2021\/05\/Elvis-Active-network-6-92x92.png\" alt=\"Projet COVID-19 des jeunes de l&#039;UNESCO en tant que chercheurs\" \/>\n\t\t\t\t\t\t\t\t\t\t\t\t\t\t<\/a>\n\t\t\t\t\t\t\t\t\t\t\t\t\t<\/div>\n\t\t\t\t\t<\/div>\n\t\t\t\t<\/div>\n\t\t\t\t\t\t\t\t\t\t\t\t\t\t\t\t<!-- client item -->\n\t\t\t\t<div class=\"col col-d-3 col-t-3 col-m-6 border-line-v\">\n\t\t\t\t\t<div class=\"client-item\">\n\t\t\t\t\t\t<div class=\"image\">\n\t\t\t\t\t\t\t\t\t\t\t\t\t\t<a  target=\"_blank\" href=\"https:\/\/mcld.org\">\n\t\t\t\t\t\t\t\t\t\t\t\t\t\t\t<img src=\"https:\/\/elvisadjahoungba.com\/wp-content\/uploads\/2021\/05\/Elvis-Active-network-7-92x92.png\" alt=\"Hunger Project - Mouvement pour le d\u00e9veloppement men\u00e9 par la communaut\u00e9\" \/>\n\t\t\t\t\t\t\t\t\t\t\t\t\t\t<\/a>\n\t\t\t\t\t\t\t\t\t\t\t\t\t<\/div>\n\t\t\t\t\t<\/div>\n\t\t\t\t<\/div>\n\t\t\t\t\t\t\t\t\t\t\t\t\t\t\t\t<!-- client item -->\n\t\t\t\t<div class=\"col col-d-3 col-t-3 col-m-6 border-line-v\">\n\t\t\t\t\t<div class=\"client-item\">\n\t\t\t\t\t\t<div class=\"image\">\n\t\t\t\t\t\t\t\t\t\t\t\t\t\t<a  href=\"#\">\n\t\t\t\t\t\t\t\t\t\t\t\t\t\t\t<img src=\"https:\/\/elvisadjahoungba.com\/wp-content\/uploads\/2021\/05\/Elvis-Active-network-1-92x92.png\" alt=\"R\u00e9seau africain des jeunes et des adolescents sur la population et le d\u00e9veloppement\" \/>\n\t\t\t\t\t\t\t\t\t\t\t\t\t\t<\/a>\n\t\t\t\t\t\t\t\t\t\t\t\t\t<\/div>\n\t\t\t\t\t<\/div>\n\t\t\t\t<\/div>\n\t\t\t\t\t\t\t\t\t\t\t\t\t\t\t\t<!-- client item -->\n\t\t\t\t<div class=\"col col-d-3 col-t-3 col-m-6 border-line-v\">\n\t\t\t\t\t<div class=\"client-item\">\n\t\t\t\t\t\t<div class=\"image\">\n\t\t\t\t\t\t\t\t\t\t\t\t\t\t<a  target=\"_blank\" href=\"https:\/\/yali.state.gov\">\n\t\t\t\t\t\t\t\t\t\t\t\t\t\t\t<img src=\"https:\/\/elvisadjahoungba.com\/wp-content\/uploads\/2021\/05\/Elvis-Active-network-8-92x92.png\" alt=\"Initiative des jeunes leaders africains (R\u00e9seau YALI)\" \/>\n\t\t\t\t\t\t\t\t\t\t\t\t\t\t<\/a>\n\t\t\t\t\t\t\t\t\t\t\t\t\t<\/div>\n\t\t\t\t\t<\/div>\n\t\t\t\t<\/div>\n\t\t\t\t\t\t\t\t\t\t\t\t\t\t\t\t<!-- client item -->\n\t\t\t\t<div class=\"col col-d-3 col-t-3 col-m-6 border-line-v\">\n\t\t\t\t\t<div class=\"client-item\">\n\t\t\t\t\t\t<div class=\"image\">\n\t\t\t\t\t\t\t\t\t\t\t\t\t\t<a  target=\"_blank\" href=\"https:\/\/www.unmgcy.org\">\n\t\t\t\t\t\t\t\t\t\t\t\t\t\t\t<img src=\"https:\/\/elvisadjahoungba.com\/wp-content\/uploads\/2021\/05\/Elvis-Active-network-3-92x92.png\" alt=\"Grand groupe des Nations Unies pour les enfants et les jeunes (UN MGCY)\" \/>\n\t\t\t\t\t\t\t\t\t\t\t\t\t\t<\/a>\n\t\t\t\t\t\t\t\t\t\t\t\t\t<\/div>\n\t\t\t\t\t<\/div>\n\t\t\t\t<\/div>\n\t\t\t\t\t\t\t\t\t\t\t\t\t\t\t\t<!-- client item -->\n\t\t\t\t<div class=\"col col-d-3 col-t-3 col-m-6 border-line-v\">\n\t\t\t\t\t<div class=\"client-item\">\n\t\t\t\t\t\t<div class=\"image\">\n\t\t\t\t\t\t\t\t\t\t\t\t\t\t<a  target=\"_blank\" href=\"https:\/\/www.youthop.com\">\n\t\t\t\t\t\t\t\t\t\t\t\t\t\t\t<img src=\"https:\/\/elvisadjahoungba.com\/wp-content\/uploads\/2021\/05\/Elvis-Active-network-9-92x92.png\" alt=\"Opportunit\u00e9s pour les jeunes\" \/>\n\t\t\t\t\t\t\t\t\t\t\t\t\t\t<\/a>\n\t\t\t\t\t\t\t\t\t\t\t\t\t<\/div>\n\t\t\t\t\t<\/div>\n\t\t\t\t<\/div>\n\t\t\t\t\t\t\t\t\t\t\t\t\t\t\t\t<!-- client item -->\n\t\t\t\t<div class=\"col col-d-3 col-t-3 col-m-6 border-line-v\">\n\t\t\t\t\t<div class=\"client-item\">\n\t\t\t\t\t\t<div class=\"image\">\n\t\t\t\t\t\t\t\t\t\t\t\t\t\t<a  target=\"_blank\" href=\"https:\/\/act4sdgs.org\">\n\t\t\t\t\t\t\t\t\t\t\t\t\t\t\t<img src=\"https:\/\/elvisadjahoungba.com\/wp-content\/uploads\/2021\/05\/Elvis-Active-network-5-92x92.png\" alt=\"ACT4ODD\" \/>\n\t\t\t\t\t\t\t\t\t\t\t\t\t\t<\/a>\n\t\t\t\t\t\t\t\t\t\t\t\t\t<\/div>\n\t\t\t\t\t<\/div>\n\t\t\t\t<\/div>\n\t\t\t\t\t\t\t\t\n\t\t\t\t<div class=\"clear\"><\/div>\n\t\t\t<\/div>\n\t\t\t\t\t<\/div>\n\n\t\t\t\t<\/div>\n\t\t\t\t<\/div>\n\t\t\t\t\t\t<\/div>\n\t\t\t\t\t<\/div>\n\t\t<\/div>\n\t\t\t\t\t\t\t\t<\/div>\n\t\t\t\t\t<\/div>\n\t\t<\/section>\n\t\t\t\t\t\t<\/div>\n\t\t\t\t\t\t<\/div>\n\t\t\t\t\t<\/div>","protected":false},"excerpt":{"rendered":"<p>About Me Bonjour! Je suis Elvis Adjahoungba. Un sp\u00e9cialiste de la communication qui milite pour l&#8217;inclusion et la participation active&#8230;<\/p>","protected":false},"author":1,"featured_media":7006,"parent":0,"menu_order":0,"comment_status":"closed","ping_status":"closed","template":"template-elementor-builder.php","meta":{"_monsterinsights_skip_tracking":false,"_monsterinsights_sitenote_active":false,"_monsterinsights_sitenote_note":"","_monsterinsights_sitenote_category":0},"_links":{"self":[{"href":"https:\/\/elvisadjahoungba.com\/fr\/wp-json\/wp\/v2\/pages\/30"}],"collection":[{"href":"https:\/\/elvisadjahoungba.com\/fr\/wp-json\/wp\/v2\/pages"}],"about":[{"href":"https:\/\/elvisadjahoungba.com\/fr\/wp-json\/wp\/v2\/types\/page"}],"author":[{"embeddable":true,"href":"https:\/\/elvisadjahoungba.com\/fr\/wp-json\/wp\/v2\/users\/1"}],"replies":[{"embeddable":true,"href":"https:\/\/elvisadjahoungba.com\/fr\/wp-json\/wp\/v2\/comments?post=30"}],"version-history":[{"count":54,"href":"https:\/\/elvisadjahoungba.com\/fr\/wp-json\/wp\/v2\/pages\/30\/revisions"}],"predecessor-version":[{"id":7739,"href":"https:\/\/elvisadjahoungba.com\/fr\/wp-json\/wp\/v2\/pages\/30\/revisions\/7739"}],"wp:featuredmedia":[{"embeddable":true,"href":"https:\/\/elvisadjahoungba.com\/fr\/wp-json\/wp\/v2\/media\/7006"}],"wp:attachment":[{"href":"https:\/\/elvisadjahoungba.com\/fr\/wp-json\/wp\/v2\/media?parent=30"}],"curies":[{"name":"wp","href":"https:\/\/api.w.org\/{rel}","templated":true}]}}